{"id":490,"date":"2018-03-31T12:18:55","date_gmt":"2018-03-31T12:18:55","guid":{"rendered":"https:\/\/app.blv.foodcase-services.com\/home\/"},"modified":"2025-07-01T16:21:26","modified_gmt":"2025-07-01T14:21:26","slug":"home","status":"publish","type":"page","link":"https:\/\/valorinutritivi.ch\/fr\/","title":{"rendered":"Home"},"content":{"rendered":"<p><div class=\"fusion-fullwidth fullwidth-box fusion-builder-row-1 faded-background fusion-parallax-fixed nonhundred-percent-fullwidth non-hundred-percent-height-scrolling\" style=\"background-position: center center;background-repeat: no-repeat;padding-top:175px;padding-right:0px;padding-bottom:135px;padding-left:0px;margin-bottom: 0px;margin-top: 0px;border-width: 0px 0px 0px 0px;border-color:#eae9e9;border-style:solid;-webkit-background-size:cover;-moz-background-size:cover;-o-background-size:cover;background-size:cover;background-attachment:fixed;\" ><div class=\"fullwidth-faded\" style=\"background-attachment:fixed;background-color:#f6f6f6;background-image: url(https:\/\/naehrwertdaten.ch\/wp-content\/uploads\/2020\/09\/home-page-image.jpg);background-position:center center;background-repeat:no-repeat;-webkit-background-size:cover;-moz-background-size:cover;-o-background-size:cover;background-size:cover;\" ><\/div><div class=\"fusion-builder-row fusion-row\"><div class=\"fusion-layout-column fusion_builder_column fusion-builder-column-0 fusion_builder_column_1_1 1_1 fusion-one-full fusion-column-first fusion-column-last home-header-box fusion-animated\" style=\"margin-top:0px;margin-bottom:20px;\" data-animationType=\"fadeIn\" data-animationDuration=\"0.3\" data-animationOffset=\"top-into-view\"><div class=\"fusion-column-wrapper fusion-flex-column-wrapper-legacy\" style=\"background-position:left top;background-repeat:no-repeat;-webkit-background-size:cover;-moz-background-size:cover;-o-background-size:cover;background-size:cover;padding: 0px 0px 0px 0px;\"><div class=\"fusion-text fusion-text-1\"><h1>La Base De Donn\u00e9es Suisse<br \/>\nDes Valeurs Nutritives<\/h1>\n<\/div><div class=\"fusion-text fusion-text-2\"><p>La base de donn\u00e9es suisse des valeurs nutritives librement consultable en ligne sur le pr\u00e9sent site est un fichier de l\u2019Office f\u00e9d\u00e9ral de la securit\u00e9 alimentaire et des affaires v\u00e9t\u00e9rinaires OSAV consacr\u00e9 \u00e0 la composition des aliments disponibles en Suisse.<\/p>\n<\/div><form class=\"search-box\" id=\"homesearchform\">\n    <input id=\"homesearchformsearcher\" placeholder=\"Nom de l'aliment ou ID\" type=\"text\">\n    <button class=\"search-button\">\n        <i class=\"fa fa-search\"><\/i>\n    <\/button>\n<\/form><div class=\"fusion-clearfix\"><\/div><\/div><\/div><\/div><\/div><div class=\"fusion-fullwidth fullwidth-box fusion-builder-row-2 premotec-equal-height-columns-container nonhundred-percent-fullwidth non-hundred-percent-height-scrolling\" style=\"background-color: #f6f6f6;background-position: center center;background-repeat: no-repeat;padding-top:0px;padding-right:0px;padding-bottom:0px;padding-left:0px;margin-bottom: 0px;margin-top: 0px;border-width: 0px 0px 0px 0px;border-color:#eae9e9;border-style:solid;\" ><div class=\"fusion-builder-row fusion-row\"><div class=\"fusion-layout-column fusion_builder_column fusion-builder-column-1 fusion_builder_column_1_3 1_3 fusion-one-third fusion-column-first hover-column premotec-equal-height-column\" style=\"width:33.333333333333%;width:calc(33.333333333333% - ( ( 0% + 0% ) * 0.33333333333333 ) );margin-right: 0%;margin-top:0px;margin-bottom:20px;\"><div class=\"fusion-column-wrapper fusion-flex-column-wrapper-legacy\" style=\"background-position:left top;background-repeat:no-repeat;-webkit-background-size:cover;-moz-background-size:cover;-o-background-size:cover;background-size:cover;background-color:#ffffff;padding: 35px 35px 35px 35px;\"><div class=\"fusion-text fusion-text-3\"><p><span style=\"color: #e53329; font-size: 25px; letter-spacing: 1px;\">Collection des donn\u00e9es suisses<\/span><\/p>\n<p>La base de donn\u00e9es suisse des valeurs nutritives contient des informations sur la composition des aliments disponibles en Suisse. Elle est exploit\u00e9e par l\u2019Office f\u00e9d\u00e9ral de la s\u00e9curit\u00e9 alimentaire et des affaires v\u00e9t\u00e9rinaires OSAV.<\/p>\n<\/div><div class=\"fusion-clearfix\"><\/div><\/div><\/div><div class=\"fusion-layout-column fusion_builder_column fusion-builder-column-2 fusion_builder_column_1_3 1_3 fusion-one-third hover-column-middle premotec-equal-height-column\" style=\"width:33.333333333333%;width:calc(33.333333333333% - ( ( 0% + 0% ) * 0.33333333333333 ) );margin-right: 0%;margin-top:0px;margin-bottom:20px;\"><div class=\"fusion-column-wrapper fusion-flex-column-wrapper-legacy\" style=\"background-position:left top;background-repeat:no-repeat;-webkit-background-size:cover;-moz-background-size:cover;-o-background-size:cover;background-size:cover;background-color:#ed222f;padding: 35px 35px 28px 35px;\"><div class=\"fusion-text fusion-text-4\"><p><span class=\"turn-red\" style=\"font-size: 25px; letter-spacing: 1px;\">Gratuit<\/span><\/p>\n<p><span class=\"turn-black\">Les donn\u00e9es sont mises \u00e0 disposition par l\u2019Office f\u00e9d\u00e9ral de la s\u00e9curit\u00e9 alimentaire et des affaires v\u00e9t\u00e9rinaires OSAV en libre acc\u00e8s, gratuitement et dans quatre langues (fran\u00e7ais, allemand, italien et anglais). Ces donn\u00e9es peuvent aussi \u00eatre utilis\u00e9es \u00e0 des fins commerciales (p. ex., en \u00e9tant int\u00e9gr\u00e9es \u00e0 un logiciel de calcul de la valeur nutritive ou \u00e0 un journal alimentaire en ligne) ainsi qu\u2019\u00e0 des fins scientifiques, \u00e0 condition d\u2019indiquer la source.<\/span><\/p>\n<\/div><div class=\"fusion-clearfix\"><\/div><\/div><\/div><div class=\"fusion-layout-column fusion_builder_column fusion-builder-column-3 fusion_builder_column_1_3 1_3 fusion-one-third fusion-column-last hover-column premotec-equal-height-column\" style=\"width:33.333333333333%;width:calc(33.333333333333% - ( ( 0% + 0% ) * 0.33333333333333 ) );margin-top:0px;margin-bottom:20px;\"><div class=\"fusion-column-wrapper fusion-flex-column-wrapper-legacy\" style=\"background-position:left top;background-repeat:no-repeat;-webkit-background-size:cover;-moz-background-size:cover;-o-background-size:cover;background-size:cover;background-color:#ffffff;padding: 35px 35px 156px 35px;\"><div class=\"fusion-text fusion-text-5\"><p><span style=\"color: #e53329; font-size: 25px; letter-spacing: 1px;\">&gt;1200 Aliments<\/span><\/p>\n<p>La version actuelle de la base de donn\u00e9es suisse des valeurs nutritives (V 7.0) contient 1220 aliments. Pour presque chaque aliment, la base de donn\u00e9es fournit la teneur en macronutriments (lipides, acides gras satur\u00e9s, glucides, sucres, prot\u00e9ines, fibres alimentaires), en eau et en alcool, ainsi que la valeur \u00e9nerg\u00e9tique. La teneur en micronutriments (vitamines, min\u00e9raux) ainsi qu\u2019une composition plus d\u00e9taill\u00e9e des graisses (groupes d&rsquo;acides gras et certains acides gras individuels) sont \u00e9galement pr\u00e9cis\u00e9es pour la plupart des aliments.<\/p>\n<\/div><div class=\"fusion-clearfix\"><\/div><\/div><\/div><div class=\"fusion-layout-column fusion_builder_column fusion-builder-column-4 fusion_builder_column_1_1 1_1 fusion-one-full fusion-column-first fusion-column-last\" style=\"margin-top:0px;margin-bottom:0px;\"><div class=\"fusion-column-wrapper fusion-flex-column-wrapper-legacy\" style=\"background-position:left top;background-repeat:no-repeat;-webkit-background-size:cover;-moz-background-size:cover;-o-background-size:cover;background-size:cover;padding: 0px 0px 0px 0px;\"><div class=\"fusion-sep-clear\"><\/div><div class=\"fusion-separator fusion-full-width-sep\" style=\"margin-left: auto;margin-right: auto;margin-top:70px;width:100%;\"><\/div><div class=\"fusion-sep-clear\"><\/div><script>\nfunction setEqualHeightInfoColumns(){\n\tvar maxHeight = 0; \n    var columns = jQuery('.premotec-equal-height-columns-container .premotec-equal-height-column .fusion-column-wrapper'); \t\n    columns.each(function(){\n      \tif(jQuery(this).outerHeight() > maxHeight){\n      \t\tmaxHeight = jQuery(this).outerHeight()\n      \t}\n    }); \n    columns.outerHeight(maxHeight);\n}\n\njQuery(window).ready(function(){\n\tsetTimeout(function(){setEqualHeightInfoColumns()},0)\n});\n\njQuery(window).resize(function(){\n\tjQuery('.premotec-equal-height-columns-container .premotec-equal-height-column .fusion-column-wrapper').height('auto');\n\tsetTimeout(function(){setEqualHeightInfoColumns()},0)\n});\n\njQuery(window).scroll(function(){\n    jQuery(\".tp-caption\").css(\"opacity\", 1 - jQuery(window).scrollTop() \/ 500);\n  });\njQuery(\".hover-column\").hover(\n\tfunction(){\n\t\tjQuery(this).find(\".fusion-column-wrapper\").addClass(\"red-hover\");\n\t\tjQuery(\".hover-column-middle\").find(\".fusion-column-wrapper\").addClass(\"white-hover\");\n\t},\n\tfunction(){\t\n\t\tjQuery(this).find(\".fusion-column-wrapper\").removeClass(\"red-hover\");\n\t\tjQuery(\".hover-column-middle\").find(\".fusion-column-wrapper\").removeClass(\"white-hover\");\n\t}\n);\n<\/script><div class=\"fusion-clearfix\"><\/div><\/div><\/div><\/div><\/div><div class=\"fusion-fullwidth fullwidth-box fusion-builder-row-3 fusion-parallax-none user-benefits-section nonhundred-percent-fullwidth hundred-percent-height hundred-percent-height-center-content non-hundred-percent-height-scrolling fusion-equal-height-columns\" style=\"background-color: #ffffff;background-image: url(&quot;https:\/\/naehrwertdaten.ch\/wp-content\/uploads\/2018\/04\/happy-family-swiss-food-comosition-database-1400x475.jpg&quot;);background-position: center center;background-repeat: no-repeat;padding-top:0px;padding-right:0px;padding-bottom:0px;padding-left:165px;margin-bottom: 0px;margin-top: 0px;border-width: 0px 0px 0px 0px;border-color:#eae9e9;border-style:solid;-webkit-background-size:cover;-moz-background-size:cover;-o-background-size:cover;background-size:cover;\" id=\"desktop\" ><div class=\"fusion-fullwidth-center-content\"><div class=\"fusion-builder-row fusion-row\"><div class=\"fusion-layout-column fusion_builder_column fusion-builder-column-5 fusion_builder_column_1_2 1_2 fusion-one-half fusion-column-first no-left-paddings\" style=\"width:50%;width:calc(50% - ( ( 4% ) * 0.5 ) );margin-right: 4%;margin-top:0px;margin-bottom:20px;\"><div class=\"fusion-column-wrapper fusion-flex-column-wrapper-legacy\" style=\"background-position:left top;background-repeat:no-repeat;-webkit-background-size:cover;-moz-background-size:cover;-o-background-size:cover;background-size:cover;background-color:#ffffff;padding: 0px 0px 0px 0px;\"><div class=\"fusion-sep-clear\"><\/div><div class=\"fusion-separator fusion-full-width-sep\" style=\"margin-left: auto;margin-right: auto;margin-top:100px;width:100%;\"><\/div><div class=\"fusion-sep-clear\"><\/div><div class=\"fusion-text fusion-text-6\"><h1>Chercher, afficher et comparer des aliments<\/h1>\n<\/div><div class=\"fusion-sep-clear\"><\/div><div class=\"fusion-separator fusion-clearfix\" style=\"float:left;margin-top:25px;margin-bottom:30px;width:100%;max-width:123px;\"><div class=\"fusion-separator-border sep-single sep-solid\" style=\"border-color:#ed222f;border-top-width:8px;\"><\/div><\/div><div class=\"fusion-sep-clear\"><\/div><div class=\"fusion-text fusion-text-7\"><p><span style=\"color: #777777; font-size: 19px;\">Le site www.valeursnutritives.ch permet de faire des recherches sur les aliments selon le nom de l&rsquo;aliment, les synonymes, la cat\u00e9gorie, la teneur en nutriments ou une combinaison de ces crit\u00e8res. Les donn\u00e9es sont pr\u00e9sent\u00e9es sous la forme d&rsquo;un graphique ou d&rsquo;un tableau. Ce site permet aussi de comparer la teneur en nutriments de diff\u00e9rents aliments.<br \/>\n<\/span><\/p>\n<\/div><div class=\"fusion-clearfix\"><\/div><\/div><\/div><div class=\"fusion-layout-column fusion_builder_column fusion-builder-column-6 fusion_builder_column_1_2 1_2 fusion-one-half fusion-column-last\" style=\"width:50%;width:calc(50% - ( ( 4% ) * 0.5 ) );margin-top:0px;margin-bottom:0px;\"><div class=\"fusion-column-wrapper fusion-flex-column-wrapper-legacy fusion-empty-dims-bg-image\" style=\"background-image: url(&#039;https:\/\/naehrwertdaten.ch\/wp-content\/uploads\/2018\/04\/sf-home-transparent.png&#039;);background-position:left top;background-repeat:no-repeat;-webkit-background-size:cover;-moz-background-size:cover;-o-background-size:cover;background-size:cover;padding: 0px 0px 0px 0px;\" data-bg-url=\"https:\/\/naehrwertdaten.ch\/wp-content\/uploads\/2018\/04\/sf-home-transparent.png\"><div class=\"fusion-sep-clear\"><\/div><div class=\"fusion-separator fusion-full-width-sep\" style=\"margin-left: auto;margin-right: auto;margin-top:605px;width:100%;\"><\/div><div class=\"fusion-sep-clear\"><\/div><div class=\"fusion-clearfix\"><\/div><\/div><\/div><\/div><\/div><\/div><div class=\"fusion-fullwidth fullwidth-box fusion-builder-row-4 hundred-percent-fullwidth hundred-percent-height hundred-percent-height-center-content non-hundred-percent-height-scrolling fusion-equal-height-columns\" style=\"background-color: #ffffff;background-position: center center;background-repeat: no-repeat;padding-top:0px;padding-right:0px;padding-bottom:0px;padding-left:165px;margin-bottom: 0px;margin-top: 0px;border-width: 0px 0px 0px 0px;border-color:#eae9e9;border-style:solid;\" id=\"mobile\" ><div class=\"fusion-fullwidth-center-content\"><div class=\"fusion-builder-row fusion-row\"><div class=\"fusion-layout-column fusion_builder_column fusion-builder-column-7 fusion_builder_column_1_2 1_2 fusion-one-half fusion-column-first no-left-paddings\" style=\"width:50%;width:calc(50% - ( ( 4% ) * 0.5 ) );margin-right: 4%;margin-top:0px;margin-bottom:20px;\"><div class=\"fusion-column-wrapper fusion-flex-column-wrapper-legacy\" style=\"background-position:left top;background-repeat:no-repeat;-webkit-background-size:cover;-moz-background-size:cover;-o-background-size:cover;background-size:cover;background-color:#ffffff;padding: 0px 0px 0px 0px;\"><div class=\"fusion-sep-clear\"><\/div><div class=\"fusion-separator fusion-full-width-sep\" style=\"margin-left: auto;margin-right: auto;margin-top:100px;width:100%;\"><\/div><div class=\"fusion-sep-clear\"><\/div><div class=\"fusion-text fusion-text-8\"><h1>Chercher, afficher et comparer des aliments<\/h1>\n<\/div><div class=\"fusion-sep-clear\"><\/div><div class=\"fusion-separator fusion-clearfix\" style=\"float:left;margin-top:25px;margin-bottom:30px;width:100%;max-width:123px;\"><div class=\"fusion-separator-border sep-single sep-solid\" style=\"border-color:#e53329;border-top-width:8px;\"><\/div><\/div><div class=\"fusion-sep-clear\"><\/div><div class=\"fusion-text fusion-text-9\"><p><span style=\"color: #777777; font-size: 19px;\">Le site www.valeursnutritives.ch permet de faire des recherches sur les aliments selon le nom de l&rsquo;aliment, les synonymes, la cat\u00e9gorie, la teneur en nutriments ou une combinaison de ces crit\u00e8res. Les donn\u00e9es sont pr\u00e9sent\u00e9es sous la forme d&rsquo;un graphique ou d&rsquo;un tableau. Ce site permet aussi de comparer la teneur en nutriments de diff\u00e9rents aliments.<br \/>\n<\/span><\/p>\n<\/div><div class=\"fusion-clearfix\"><\/div><\/div><\/div><div class=\"fusion-layout-column fusion_builder_column fusion-builder-column-8 fusion_builder_column_1_2 1_2 fusion-one-half fusion-column-last\" style=\"width:50%;width:calc(50% - ( ( 4% ) * 0.5 ) );margin-top:0px;margin-bottom:0px;\"><div class=\"fusion-column-wrapper fusion-flex-column-wrapper-legacy fusion-empty-dims-bg-image\" style=\"background-image: url(&#039;https:\/\/naehrwertdaten.ch\/wp-content\/uploads\/2018\/04\/unnamed.jpg&#039;);background-position:left top;background-repeat:no-repeat;-webkit-background-size:cover;-moz-background-size:cover;-o-background-size:cover;background-size:cover;padding: 0px 0px 0px 0px;\" data-bg-url=\"https:\/\/naehrwertdaten.ch\/wp-content\/uploads\/2018\/04\/unnamed.jpg\"><div class=\"fusion-sep-clear\"><\/div><div class=\"fusion-separator fusion-full-width-sep\" style=\"margin-left: auto;margin-right: auto;margin-top:605px;width:100%;\"><\/div><div class=\"fusion-sep-clear\"><\/div><div class=\"fusion-clearfix\"><\/div><\/div><\/div><\/div><\/div><\/div><\/p>\n","protected":false},"excerpt":{"rendered":"","protected":false},"author":2,"featured_media":0,"parent":0,"menu_order":0,"comment_status":"closed","ping_status":"closed","template":"100-width.php","meta":{"footnotes":""},"class_list":["post-490","page","type-page","status-publish","hentry"],"yoast_head":"<!-- This site is optimized with the Yoast SEO plugin v23.9 - https:\/\/yoast.com\/wordpress\/plugins\/seo\/ -->\n<title>Home - The Swiss Food Composition Database<\/title>\n<meta name=\"robots\" content=\"index, follow, max-snippet:-1, max-image-preview:large, max-video-preview:-1\" \/>\n<link rel=\"canonical\" href=\"https:\/\/valeursnutritives.ch\/fr\/\" \/>\n<meta property=\"og:locale\" content=\"fr_FR\" \/>\n<meta property=\"og:type\" content=\"article\" \/>\n<meta property=\"og:title\" content=\"Home - The Swiss Food Composition Database\" \/>\n<meta property=\"og:url\" content=\"https:\/\/valeursnutritives.ch\/fr\/\" \/>\n<meta property=\"og:site_name\" content=\"The Swiss Food Composition Database\" \/>\n<meta property=\"article:modified_time\" content=\"2025-07-01T14:21:26+00:00\" \/>\n<meta name=\"twitter:card\" content=\"summary_large_image\" \/>\n<meta name=\"twitter:label1\" content=\"Dur\u00e9e de lecture estim\u00e9e\" \/>\n\t<meta name=\"twitter:data1\" content=\"6 minutes\" \/>\n<script type=\"application\/ld+json\" class=\"yoast-schema-graph\">{\"@context\":\"https:\/\/schema.org\",\"@graph\":[{\"@type\":\"WebPage\",\"@id\":\"https:\/\/valeursnutritives.ch\/fr\/\",\"url\":\"https:\/\/valeursnutritives.ch\/fr\/\",\"name\":\"Home - The Swiss Food Composition Database\",\"isPartOf\":{\"@id\":\"https:\/\/naehrwertdaten.ch\/de\/#website\"},\"datePublished\":\"2018-03-31T12:18:55+00:00\",\"dateModified\":\"2025-07-01T14:21:26+00:00\",\"breadcrumb\":{\"@id\":\"https:\/\/valeursnutritives.ch\/fr\/#breadcrumb\"},\"inLanguage\":\"fr-FR\",\"potentialAction\":[{\"@type\":\"ReadAction\",\"target\":[\"https:\/\/valeursnutritives.ch\/fr\/\"]}]},{\"@type\":\"BreadcrumbList\",\"@id\":\"https:\/\/valeursnutritives.ch\/fr\/#breadcrumb\",\"itemListElement\":[{\"@type\":\"ListItem\",\"position\":1,\"name\":\"Home\",\"item\":\"https:\/\/valeursnutritives.ch\/fr\/\"},{\"@type\":\"ListItem\",\"position\":2,\"name\":\"Home\"}]},{\"@type\":\"WebSite\",\"@id\":\"https:\/\/naehrwertdaten.ch\/de\/#website\",\"url\":\"https:\/\/naehrwertdaten.ch\/de\/\",\"name\":\"The Swiss Food Composition Database\",\"description\":\"The Swiss Food Composition Database is a data collection of the Federal Food Safety and Veterinary Office FSVO on the composition of foods that are available in Switzerland.\",\"potentialAction\":[{\"@type\":\"SearchAction\",\"target\":{\"@type\":\"EntryPoint\",\"urlTemplate\":\"https:\/\/naehrwertdaten.ch\/de\/?s={search_term_string}\"},\"query-input\":{\"@type\":\"PropertyValueSpecification\",\"valueRequired\":true,\"valueName\":\"search_term_string\"}}],\"inLanguage\":\"fr-FR\"}]}<\/script>\n<!-- \/ Yoast SEO plugin. -->","yoast_head_json":{"title":"Home - The Swiss Food Composition Database","robots":{"index":"index","follow":"follow","max-snippet":"max-snippet:-1","max-image-preview":"max-image-preview:large","max-video-preview":"max-video-preview:-1"},"canonical":"https:\/\/valeursnutritives.ch\/fr\/","og_locale":"fr_FR","og_type":"article","og_title":"Home - The Swiss Food Composition Database","og_url":"https:\/\/valeursnutritives.ch\/fr\/","og_site_name":"The Swiss Food Composition Database","article_modified_time":"2025-07-01T14:21:26+00:00","twitter_card":"summary_large_image","twitter_misc":{"Dur\u00e9e de lecture estim\u00e9e":"6 minutes"},"schema":{"@context":"https:\/\/schema.org","@graph":[{"@type":"WebPage","@id":"https:\/\/valeursnutritives.ch\/fr\/","url":"https:\/\/valeursnutritives.ch\/fr\/","name":"Home - The Swiss Food Composition Database","isPartOf":{"@id":"https:\/\/naehrwertdaten.ch\/de\/#website"},"datePublished":"2018-03-31T12:18:55+00:00","dateModified":"2025-07-01T14:21:26+00:00","breadcrumb":{"@id":"https:\/\/valeursnutritives.ch\/fr\/#breadcrumb"},"inLanguage":"fr-FR","potentialAction":[{"@type":"ReadAction","target":["https:\/\/valeursnutritives.ch\/fr\/"]}]},{"@type":"BreadcrumbList","@id":"https:\/\/valeursnutritives.ch\/fr\/#breadcrumb","itemListElement":[{"@type":"ListItem","position":1,"name":"Home","item":"https:\/\/valeursnutritives.ch\/fr\/"},{"@type":"ListItem","position":2,"name":"Home"}]},{"@type":"WebSite","@id":"https:\/\/naehrwertdaten.ch\/de\/#website","url":"https:\/\/naehrwertdaten.ch\/de\/","name":"The Swiss Food Composition Database","description":"The Swiss Food Composition Database is a data collection of the Federal Food Safety and Veterinary Office FSVO on the composition of foods that are available in Switzerland.","potentialAction":[{"@type":"SearchAction","target":{"@type":"EntryPoint","urlTemplate":"https:\/\/naehrwertdaten.ch\/de\/?s={search_term_string}"},"query-input":{"@type":"PropertyValueSpecification","valueRequired":true,"valueName":"search_term_string"}}],"inLanguage":"fr-FR"}]}},"_links":{"self":[{"href":"https:\/\/valorinutritivi.ch\/fr\/wp-json\/wp\/v2\/pages\/490","targetHints":{"allow":["GET"]}}],"collection":[{"href":"https:\/\/valorinutritivi.ch\/fr\/wp-json\/wp\/v2\/pages"}],"about":[{"href":"https:\/\/valorinutritivi.ch\/fr\/wp-json\/wp\/v2\/types\/page"}],"author":[{"embeddable":true,"href":"https:\/\/valorinutritivi.ch\/fr\/wp-json\/wp\/v2\/users\/2"}],"replies":[{"embeddable":true,"href":"https:\/\/valorinutritivi.ch\/fr\/wp-json\/wp\/v2\/comments?post=490"}],"version-history":[{"count":27,"href":"https:\/\/valorinutritivi.ch\/fr\/wp-json\/wp\/v2\/pages\/490\/revisions"}],"predecessor-version":[{"id":2353,"href":"https:\/\/valorinutritivi.ch\/fr\/wp-json\/wp\/v2\/pages\/490\/revisions\/2353"}],"wp:attachment":[{"href":"https:\/\/valorinutritivi.ch\/fr\/wp-json\/wp\/v2\/media?parent=490"}],"curies":[{"name":"wp","href":"https:\/\/api.w.org\/{rel}","templated":true}]}}